{"id":28915,"date":"2020-05-26T14:40:11","date_gmt":"2020-05-26T12:40:11","guid":{"rendered":"http:\/\/sarahbrahytraduction.fr\/colibri-wp\/"},"modified":"2022-12-19T14:03:38","modified_gmt":"2022-12-19T13:03:38","slug":"colibri-wp","status":"publish","type":"page","link":"https:\/\/sarahbrahytraduction.fr\/en\/","title":{"rendered":"Accueil"},"content":{"rendered":"<div data-colibri-id=\"28915-c1\" class=\"style-334 style-local-28915-c1 position-relative\">\n  <!---->\n  <div data-colibri-component=\"section\" data-colibri-id=\"28915-c2\" id=\"about\" class=\"h-section h-section-global-spacing d-flex align-items-lg-center align-items-md-center align-items-center style-366 style-local-28915-c2 position-relative\">\n    <!---->\n    <!---->\n    <div class=\"h-section-grid-container h-section-boxed-container\">\n      <!---->\n      <div data-colibri-id=\"28915-c3\" class=\"h-row-container gutters-row-lg-2 gutters-row-md-2 gutters-row-0 gutters-row-v-lg-2 gutters-row-v-md-2 gutters-row-v-2 style-646 style-local-28915-c3 position-relative\">\n        <!---->\n        <div class=\"h-row justify-content-lg-center justify-content-md-center justify-content-center align-items-lg-stretch align-items-md-stretch align-items-stretch gutters-col-lg-2 gutters-col-md-2 gutters-col-0 gutters-col-v-lg-2 gutters-col-v-md-2 gutters-col-v-2\">\n          <!---->\n          <div class=\"h-column h-column-container d-flex h-col-lg-auto h-col-md-auto h-col-auto style-647-outer style-local-28915-c4-outer\">\n            <div data-colibri-id=\"28915-c4\" class=\"d-flex h-flex-basis h-column__inner h-px-lg-2 h-px-md-2 h-px-2 v-inner-lg-2 v-inner-md-2 v-inner-2 style-647 style-local-28915-c4 position-relative\">\n              <!---->\n              <!---->\n              <div class=\"w-100 h-y-container h-column__content h-column__v-align flex-basis-100 align-self-lg-start align-self-md-start align-self-start\">\n                <!---->\n                <div data-colibri-id=\"28915-c5\" class=\"h-lead h-text h-text-component style-371 style-local-28915-c5 position-relative h-element\">\n                  <!---->\n                  <!---->\n                  <div class=\"\">\n                    <p>In a world where communication and exchange prevail, it is essential that languages do not become obstacles.<\/p>\n                    <p>This is where translators come in...<\/p>\n                    <p>To develop your company internationally, to contact foreign suppliers or to exchange with your customers; from e-mails to technical instructions and websites, everything can be translated as long as you are an expert in the language and the field of activity.<\/p>\n                    <p>Personally, I am available to translate all your resources from English or Chinese into French in the fields of marketing, IT, audiovisual, tourism, food and for certain legal documents.<\/p>\n                    <p>You can consult the Services and Fields pages or contact me directly for more information.<\/p>\n                    <p>\n                      <br>\n                    <\/p>\n                  <\/div>\n                <\/div>\n              <\/div>\n            <\/div>\n          <\/div>\n          <div class=\"h-column h-column-container d-flex h-col-lg-auto h-col-md-auto h-col-auto style-648-outer style-local-28915-c6-outer\">\n            <div data-colibri-id=\"28915-c6\" class=\"d-flex h-flex-basis h-column__inner h-px-lg-2 h-px-md-2 h-px-2 v-inner-lg-2 v-inner-md-2 v-inner-2 style-648 style-local-28915-c6 position-relative\">\n              <!---->\n              <!---->\n              <div class=\"w-100 h-y-container h-column__content h-column__v-align flex-basis-100 align-self-lg-start align-self-md-start align-self-start\">\n                <!---->\n                <div data-colibri-id=\"28915-c7\" class=\"d-block style-374 style-local-28915-c7 position-relative h-element\">\n                  <!---->\n                  <div class=\"h-image__frame-container-outer\">\n                    <div class=\"h-image__frame-container\">\n                      <!---->\n                      <!---->\n                      <img loading=\"lazy\" decoding=\"async\" width=\"1280\" height=\"720\" src=\"http:\/\/sarahbrahytraduction.fr\/wp-content\/uploads\/2020\/05\/cropped-1Bienvenue-4.jpg\" class=\"wp-image-28930 style-374-image style-local-28915-c7-image\" alt=\"\" srcset=\"https:\/\/sarahbrahytraduction.fr\/wp-content\/uploads\/2020\/05\/cropped-1Bienvenue-4.jpg 1280w, https:\/\/sarahbrahytraduction.fr\/wp-content\/uploads\/2020\/05\/cropped-1Bienvenue-4-300x169.jpg 300w, https:\/\/sarahbrahytraduction.fr\/wp-content\/uploads\/2020\/05\/cropped-1Bienvenue-4-1024x576.jpg 1024w, https:\/\/sarahbrahytraduction.fr\/wp-content\/uploads\/2020\/05\/cropped-1Bienvenue-4-768x432.jpg 768w\" sizes=\"auto, (max-width: 1280px) 100vw, 1280px\" \/>\n                      <div class=\"h-image__frame h-hide-lg h-hide-md h-hide-sm style-374-frameImage style-local-28915-c7-frameImage\"><\/div>\n                    <\/div>\n                  <\/div>\n                <\/div>\n              <\/div>\n            <\/div>\n          <\/div>\n        <\/div>\n      <\/div>\n    <\/div>\n  <\/div>\n  <div data-colibri-component=\"section\" data-colibri-id=\"28915-c8\" id=\"custom\" class=\"h-section h-section-global-spacing d-flex align-items-lg-center align-items-md-center align-items-center style-375 style-local-28915-c8 position-relative\">\n    <!---->\n    <!---->\n    <div class=\"h-section-grid-container h-section-boxed-container\">\n      <!---->\n      <div data-colibri-id=\"28915-c9\" class=\"h-row-container gutters-row-lg-2 gutters-row-md-2 gutters-row-0 gutters-row-v-lg-2 gutters-row-v-md-2 gutters-row-v-2 style-376 style-local-28915-c9 position-relative\">\n        <!---->\n        <div class=\"h-row justify-content-lg-center justify-content-md-center justify-content-center align-items-lg-stretch align-items-md-stretch align-items-stretch gutters-col-lg-2 gutters-col-md-2 gutters-col-0 gutters-col-v-lg-2 gutters-col-v-md-2 gutters-col-v-2\">\n          <!---->\n          <div class=\"h-column h-column-container d-flex h-col-lg-auto h-col-md-auto h-col-auto style-377-outer style-local-28915-c10-outer\">\n            <div data-colibri-id=\"28915-c10\" class=\"d-flex h-flex-basis h-column__inner h-px-lg-2 h-px-md-2 h-px-2 v-inner-lg-2 v-inner-md-2 v-inner-2 style-377 style-local-28915-c10 position-relative\">\n              <!---->\n              <!---->\n              <div class=\"w-100 h-y-container h-column__content h-column__v-align flex-basis-100 align-self-lg-start align-self-md-start align-self-start\">\n                <!---->\n                <div data-colibri-id=\"28915-c11\" class=\"h-lead h-text h-text-component style-378 style-local-28915-c11 position-relative h-element\">\n                  <!---->\n                  <!---->\n                  <div class=\"\">\n                    <p><em>\"Translators are the shadow heroes, the often forgotten instruments that make it possible for different cultures to talk to one another, who have enabled us to understand that we all, from every part of the world, live in one world.\"<\/em><\/p>\n                    <p>Paul Auster<\/p>\n                  <\/div>\n                <\/div>\n              <\/div>\n            <\/div>\n          <\/div>\n        <\/div>\n      <\/div>\n    <\/div>\n  <\/div>\n<\/div>","protected":false},"excerpt":{"rendered":"<p>Dans un monde o\u00f9 la communication et l&rsquo;\u00e9change priment, il est essentiel que les langues ne constituent pas une barri\u00e8re. C&rsquo;est ici qu&rsquo;interviennent les traducteurs&#8230; Pour d\u00e9velopper votre entreprise \u00e0 l&rsquo;international, contacter des fournisseurs \u00e9trangers ou \u00e9changer avec vos clients ; de l&rsquo;e-mail, \u00e0 la notice technique en passant par les sites internet, tout est [&hellip;]<\/p>\n","protected":false},"author":1,"featured_media":0,"parent":0,"menu_order":0,"comment_status":"closed","ping_status":"open","template":"page-templates\/homepage.php","meta":{"footnotes":""},"class_list":["post-28915","page","type-page","status-publish","hentry"],"yoast_head":"<!-- This site is optimized with the Yoast SEO plugin v27.5 - https:\/\/yoast.com\/product\/yoast-seo-wordpress\/ -->\n<title>Sarah Brahy Traduction - Traductrice freelance anglais\/chinois &gt; fran\u00e7ais<\/title>\n<meta name=\"description\" content=\"Besoin d&#039;aide pour une traduction ou une relecture ? Envie de conqu\u00e9rir l&#039;international ? Vous \u00eates au bon endroit !\" \/>\n<meta name=\"robots\" content=\"index, follow, max-snippet:-1, max-image-preview:large, max-video-preview:-1\" \/>\n<link rel=\"canonical\" href=\"https:\/\/sarahbrahytraduction.fr\/en\/\" \/>\n<meta property=\"og:locale\" content=\"en_US\" \/>\n<meta property=\"og:type\" content=\"article\" \/>\n<meta property=\"og:title\" content=\"Sarah Brahy Traduction - Traductrice freelance anglais\/chinois &gt; fran\u00e7ais\" \/>\n<meta property=\"og:description\" content=\"Besoin d&#039;aide pour une traduction ou une relecture ? Envie de conqu\u00e9rir l&#039;international ? Vous \u00eates au bon endroit !\" \/>\n<meta property=\"og:url\" content=\"https:\/\/sarahbrahytraduction.fr\/en\/\" \/>\n<meta property=\"og:site_name\" content=\"Sarah Brahy Traduction\" \/>\n<meta property=\"article:modified_time\" content=\"2022-12-19T13:03:38+00:00\" \/>\n<meta property=\"og:image\" content=\"http:\/\/sarahbrahytraduction.fr\/wp-content\/uploads\/2020\/05\/cropped-1Bienvenue-4.jpg\" \/>\n<meta name=\"twitter:card\" content=\"summary_large_image\" \/>\n<meta name=\"twitter:label1\" content=\"Est. reading time\" \/>\n\t<meta name=\"twitter:data1\" content=\"1 minute\" \/>\n<script type=\"application\/ld+json\" class=\"yoast-schema-graph\">{\"@context\":\"https:\\\/\\\/schema.org\",\"@graph\":[{\"@type\":\"WebPage\",\"@id\":\"https:\\\/\\\/sarahbrahytraduction.fr\\\/\",\"url\":\"https:\\\/\\\/sarahbrahytraduction.fr\\\/\",\"name\":\"Sarah Brahy Traduction - Traductrice freelance anglais\\\/chinois > fran\u00e7ais\",\"isPartOf\":{\"@id\":\"https:\\\/\\\/sarahbrahytraduction.fr\\\/#website\"},\"primaryImageOfPage\":{\"@id\":\"https:\\\/\\\/sarahbrahytraduction.fr\\\/#primaryimage\"},\"image\":{\"@id\":\"https:\\\/\\\/sarahbrahytraduction.fr\\\/#primaryimage\"},\"thumbnailUrl\":\"http:\\\/\\\/sarahbrahytraduction.fr\\\/wp-content\\\/uploads\\\/2020\\\/05\\\/cropped-1Bienvenue-4.jpg\",\"datePublished\":\"2020-05-26T12:40:11+00:00\",\"dateModified\":\"2022-12-19T13:03:38+00:00\",\"description\":\"Besoin d'aide pour une traduction ou une relecture ? Envie de conqu\u00e9rir l'international ? Vous \u00eates au bon endroit !\",\"breadcrumb\":{\"@id\":\"https:\\\/\\\/sarahbrahytraduction.fr\\\/#breadcrumb\"},\"inLanguage\":\"en-US\",\"potentialAction\":[{\"@type\":\"ReadAction\",\"target\":[\"https:\\\/\\\/sarahbrahytraduction.fr\\\/\"]}]},{\"@type\":\"ImageObject\",\"inLanguage\":\"en-US\",\"@id\":\"https:\\\/\\\/sarahbrahytraduction.fr\\\/#primaryimage\",\"url\":\"http:\\\/\\\/sarahbrahytraduction.fr\\\/wp-content\\\/uploads\\\/2020\\\/05\\\/cropped-1Bienvenue-4.jpg\",\"contentUrl\":\"http:\\\/\\\/sarahbrahytraduction.fr\\\/wp-content\\\/uploads\\\/2020\\\/05\\\/cropped-1Bienvenue-4.jpg\"},{\"@type\":\"BreadcrumbList\",\"@id\":\"https:\\\/\\\/sarahbrahytraduction.fr\\\/#breadcrumb\",\"itemListElement\":[{\"@type\":\"ListItem\",\"position\":1,\"name\":\"Accueil\",\"item\":\"https:\\\/\\\/sarahbrahytraduction.fr\\\/\"},{\"@type\":\"ListItem\",\"position\":2,\"name\":\"Accueil\"}]},{\"@type\":\"WebSite\",\"@id\":\"https:\\\/\\\/sarahbrahytraduction.fr\\\/#website\",\"url\":\"https:\\\/\\\/sarahbrahytraduction.fr\\\/\",\"name\":\"Sarah Brahy Traduction\",\"description\":\"Pour vous accompagner dans toutes vos traductions\",\"publisher\":{\"@id\":\"https:\\\/\\\/sarahbrahytraduction.fr\\\/#\\\/schema\\\/person\\\/ebb7ff50765f9a8bb5670269b81af1fd\"},\"potentialAction\":[{\"@type\":\"SearchAction\",\"target\":{\"@type\":\"EntryPoint\",\"urlTemplate\":\"https:\\\/\\\/sarahbrahytraduction.fr\\\/?s={search_term_string}\"},\"query-input\":{\"@type\":\"PropertyValueSpecification\",\"valueRequired\":true,\"valueName\":\"search_term_string\"}}],\"inLanguage\":\"en-US\"},{\"@type\":[\"Person\",\"Organization\"],\"@id\":\"https:\\\/\\\/sarahbrahytraduction.fr\\\/#\\\/schema\\\/person\\\/ebb7ff50765f9a8bb5670269b81af1fd\",\"name\":\"sarahbrahy\",\"image\":{\"@type\":\"ImageObject\",\"inLanguage\":\"en-US\",\"@id\":\"https:\\\/\\\/sarahbrahytraduction.fr\\\/wp-content\\\/uploads\\\/2020\\\/05\\\/cropped-logo-trad-e1590051206617.png\",\"url\":\"https:\\\/\\\/sarahbrahytraduction.fr\\\/wp-content\\\/uploads\\\/2020\\\/05\\\/cropped-logo-trad-e1590051206617.png\",\"contentUrl\":\"https:\\\/\\\/sarahbrahytraduction.fr\\\/wp-content\\\/uploads\\\/2020\\\/05\\\/cropped-logo-trad-e1590051206617.png\",\"width\":100,\"height\":119,\"caption\":\"sarahbrahy\"},\"logo\":{\"@id\":\"https:\\\/\\\/sarahbrahytraduction.fr\\\/wp-content\\\/uploads\\\/2020\\\/05\\\/cropped-logo-trad-e1590051206617.png\"},\"sameAs\":[\"http:\\\/\\\/sarahbrahytraduction.fr\"]}]}<\/script>\n<!-- \/ Yoast SEO plugin. -->","yoast_head_json":{"title":"Sarah Brahy Traduction - Traductrice freelance anglais\/chinois > fran\u00e7ais","description":"Besoin d'aide pour une traduction ou une relecture ? Envie de conqu\u00e9rir l'international ? Vous \u00eates au bon endroit !","robots":{"index":"index","follow":"follow","max-snippet":"max-snippet:-1","max-image-preview":"max-image-preview:large","max-video-preview":"max-video-preview:-1"},"canonical":"https:\/\/sarahbrahytraduction.fr\/en\/","og_locale":"en_US","og_type":"article","og_title":"Sarah Brahy Traduction - Traductrice freelance anglais\/chinois > fran\u00e7ais","og_description":"Besoin d'aide pour une traduction ou une relecture ? Envie de conqu\u00e9rir l'international ? Vous \u00eates au bon endroit !","og_url":"https:\/\/sarahbrahytraduction.fr\/en\/","og_site_name":"Sarah Brahy Traduction","article_modified_time":"2022-12-19T13:03:38+00:00","og_image":[{"url":"http:\/\/sarahbrahytraduction.fr\/wp-content\/uploads\/2020\/05\/cropped-1Bienvenue-4.jpg","type":"","width":"","height":""}],"twitter_card":"summary_large_image","twitter_misc":{"Est. reading time":"1 minute"},"schema":{"@context":"https:\/\/schema.org","@graph":[{"@type":"WebPage","@id":"https:\/\/sarahbrahytraduction.fr\/","url":"https:\/\/sarahbrahytraduction.fr\/","name":"Sarah Brahy Traduction - Traductrice freelance anglais\/chinois > fran\u00e7ais","isPartOf":{"@id":"https:\/\/sarahbrahytraduction.fr\/#website"},"primaryImageOfPage":{"@id":"https:\/\/sarahbrahytraduction.fr\/#primaryimage"},"image":{"@id":"https:\/\/sarahbrahytraduction.fr\/#primaryimage"},"thumbnailUrl":"http:\/\/sarahbrahytraduction.fr\/wp-content\/uploads\/2020\/05\/cropped-1Bienvenue-4.jpg","datePublished":"2020-05-26T12:40:11+00:00","dateModified":"2022-12-19T13:03:38+00:00","description":"Besoin d'aide pour une traduction ou une relecture ? Envie de conqu\u00e9rir l'international ? Vous \u00eates au bon endroit !","breadcrumb":{"@id":"https:\/\/sarahbrahytraduction.fr\/#breadcrumb"},"inLanguage":"en-US","potentialAction":[{"@type":"ReadAction","target":["https:\/\/sarahbrahytraduction.fr\/"]}]},{"@type":"ImageObject","inLanguage":"en-US","@id":"https:\/\/sarahbrahytraduction.fr\/#primaryimage","url":"http:\/\/sarahbrahytraduction.fr\/wp-content\/uploads\/2020\/05\/cropped-1Bienvenue-4.jpg","contentUrl":"http:\/\/sarahbrahytraduction.fr\/wp-content\/uploads\/2020\/05\/cropped-1Bienvenue-4.jpg"},{"@type":"BreadcrumbList","@id":"https:\/\/sarahbrahytraduction.fr\/#breadcrumb","itemListElement":[{"@type":"ListItem","position":1,"name":"Accueil","item":"https:\/\/sarahbrahytraduction.fr\/"},{"@type":"ListItem","position":2,"name":"Accueil"}]},{"@type":"WebSite","@id":"https:\/\/sarahbrahytraduction.fr\/#website","url":"https:\/\/sarahbrahytraduction.fr\/","name":"Sarah Brahy Traduction","description":"To help you with all your translations","publisher":{"@id":"https:\/\/sarahbrahytraduction.fr\/#\/schema\/person\/ebb7ff50765f9a8bb5670269b81af1fd"},"potentialAction":[{"@type":"SearchAction","target":{"@type":"EntryPoint","urlTemplate":"https:\/\/sarahbrahytraduction.fr\/?s={search_term_string}"},"query-input":{"@type":"PropertyValueSpecification","valueRequired":true,"valueName":"search_term_string"}}],"inLanguage":"en-US"},{"@type":["Person","Organization"],"@id":"https:\/\/sarahbrahytraduction.fr\/#\/schema\/person\/ebb7ff50765f9a8bb5670269b81af1fd","name":"sarahbrahy","image":{"@type":"ImageObject","inLanguage":"en-US","@id":"https:\/\/sarahbrahytraduction.fr\/wp-content\/uploads\/2020\/05\/cropped-logo-trad-e1590051206617.png","url":"https:\/\/sarahbrahytraduction.fr\/wp-content\/uploads\/2020\/05\/cropped-logo-trad-e1590051206617.png","contentUrl":"https:\/\/sarahbrahytraduction.fr\/wp-content\/uploads\/2020\/05\/cropped-logo-trad-e1590051206617.png","width":100,"height":119,"caption":"sarahbrahy"},"logo":{"@id":"https:\/\/sarahbrahytraduction.fr\/wp-content\/uploads\/2020\/05\/cropped-logo-trad-e1590051206617.png"},"sameAs":["http:\/\/sarahbrahytraduction.fr"]}]}},"_links":{"self":[{"href":"https:\/\/sarahbrahytraduction.fr\/en\/wp-json\/wp\/v2\/pages\/28915","targetHints":{"allow":["GET"]}}],"collection":[{"href":"https:\/\/sarahbrahytraduction.fr\/en\/wp-json\/wp\/v2\/pages"}],"about":[{"href":"https:\/\/sarahbrahytraduction.fr\/en\/wp-json\/wp\/v2\/types\/page"}],"author":[{"embeddable":true,"href":"https:\/\/sarahbrahytraduction.fr\/en\/wp-json\/wp\/v2\/users\/1"}],"replies":[{"embeddable":true,"href":"https:\/\/sarahbrahytraduction.fr\/en\/wp-json\/wp\/v2\/comments?post=28915"}],"version-history":[{"count":20,"href":"https:\/\/sarahbrahytraduction.fr\/en\/wp-json\/wp\/v2\/pages\/28915\/revisions"}],"predecessor-version":[{"id":29537,"href":"https:\/\/sarahbrahytraduction.fr\/en\/wp-json\/wp\/v2\/pages\/28915\/revisions\/29537"}],"wp:attachment":[{"href":"https:\/\/sarahbrahytraduction.fr\/en\/wp-json\/wp\/v2\/media?parent=28915"}],"curies":[{"name":"wp","href":"https:\/\/api.w.org\/{rel}","templated":true}]}}