{"id":7,"date":"2020-05-20T12:56:12","date_gmt":"2020-05-20T11:56:12","guid":{"rendered":"https:\/\/sarahbrahytraduction.wordpress.com\/?page_id=7"},"modified":"2020-12-07T10:45:53","modified_gmt":"2020-12-07T09:45:53","slug":"blog-2","status":"publish","type":"page","link":"https:\/\/sarahbrahytraduction.fr\/en\/blog-2\/","title":{"rendered":"Posts"},"content":{"rendered":"<div data-colibri-id=\"7-c1\" class=\"style-484 style-local-7-c1 position-relative\">\n  <!---->\n  <div data-colibri-component=\"section\" data-colibri-id=\"7-c2\" id=\"blog\" class=\"h-section h-section-global-spacing d-flex align-items-lg-center align-items-md-center align-items-center style-489 style-local-7-c2 position-relative\">\n    <!---->\n    <!---->\n    <div class=\"h-section-grid-container h-section-boxed-container\">\n      <!---->\n      <div data-colibri-id=\"7-c3\" class=\"h-row-container gutters-row-lg-0 gutters-row-md-0 gutters-row-0 gutters-row-v-lg-0 gutters-row-v-md-0 gutters-row-v-0 style-490 style-local-7-c3 position-relative\">\n        <!---->\n        <div class=\"h-row justify-content-lg-center justify-content-md-center justify-content-center align-items-lg-stretch align-items-md-stretch align-items-stretch gutters-col-lg-0 gutters-col-md-0 gutters-col-0 gutters-col-v-lg-0 gutters-col-v-md-0 gutters-col-v-0\">\n          <!---->\n          <div class=\"h-column h-column-container d-flex h-col-lg-auto h-col-md-auto h-col-auto style-491-outer style-local-7-c4-outer\">\n            <div data-colibri-id=\"7-c4\" class=\"d-flex h-flex-basis h-column__inner h-px-lg-0 h-px-md-0 h-px-0 v-inner-lg-0 v-inner-md-0 v-inner-0 style-491 style-local-7-c4 position-relative\">\n              <!---->\n              <!---->\n              <div class=\"w-100 h-y-container h-column__content h-column__v-align flex-basis-100 align-self-lg-start align-self-md-start align-self-start\">\n                <!---->\n                <div data-colibri-id=\"7-c5\" class=\"h-row-container gutters-row-lg-2 gutters-row-md-2 gutters-row-2 gutters-row-v-lg-2 gutters-row-v-md-2 gutters-row-v-2 colibri-dynamic-list style-492 style-local-7-c5 position-relative\">\n                  <!---->\n                  <div data-colibri-component=\"\" class=\"h-row justify-content-lg-start justify-content-md-start justify-content-start align-items-lg-stretch align-items-md-stretch align-items-stretch gutters-col-lg-2 gutters-col-md-2 gutters-col-2 gutters-col-v-lg-2 gutters-col-v-md-2 gutters-col-v-2 style-492-row style-local-7-c5-row\">\n                    <!---->\n        <div class=\"h-column h-column-container d-flex h-col-lg-4 h-col-md-6 h-col-12 post-60461 post type-post status-publish format-standard hentry category-pro tag-ia tag-langues tag-metier tag-traducteur tag-traduction masonry-item style-493-outer style-local-7-c6-outer\"><div data-colibri-id=\"7-c6\" class=\"d-flex h-flex-basis h-column__inner h-px-lg-2 h-px-md-2 h-px-2 v-inner-lg-2 v-inner-md-2 v-inner-2 style-493 style-local-7-c6 h-overflow-hidden position-relative\"> <div class=\"w-100 h-y-container h-column__content h-column__v-align flex-basis-100 align-self-lg-start align-self-md-start align-self-start\"> <div data-colibri-id=\"7-c8\" class=\"h-row-container gutters-row-lg-0 gutters-row-md-0 gutters-row-2 gutters-row-v-lg-0 gutters-row-v-md-0 gutters-row-v-0 style-495 style-local-7-c8 position-relative\"><div class=\"h-row justify-content-lg-center justify-content-md-center justify-content-center align-items-lg-stretch align-items-md-stretch align-items-stretch gutters-col-lg-0 gutters-col-md-0 gutters-col-2 gutters-col-v-lg-0 gutters-col-v-md-0 gutters-col-v-0\"> <div class=\"h-column h-column-container d-flex h-col-lg h-col-md h-col-auto style-496-outer style-local-7-c9-outer\"><div data-colibri-id=\"7-c9\" class=\"d-flex h-flex-basis h-column__inner h-px-lg-3 h-px-md-3 h-px-3 v-inner-lg-3 v-inner-md-3 v-inner-3 style-496 style-local-7-c9 position-relative\"> <div class=\"w-100 h-y-container h-column__content h-column__v-align flex-basis-100 align-self-lg-start align-self-md-start align-self-start\"> <div data-colibri-id=\"7-c10\" class=\"h-blog-title style-498 style-local-7-c10 position-relative h-element\"><div class=\"h-global-transition-all\"><a href=\"https:\/\/sarahbrahytraduction.fr\/en\/pourquoi-parle-t-on-encore-de-traduction-aujourdhui\/\"><h4 class=\"colibri-word-wrap\">Pourquoi parle-t-on encore de traduction aujourd\u2019hui ?<\/h4><\/a><\/div><\/div><div data-colibri-id=\"7-c11\" class=\"h-blog-meta style-499 style-local-7-c11 position-relative h-element\"><div class=\"metadata-item\"><span class=\"metadata-prefix\">de<\/span> <a href=\"https:\/\/sarahbrahytraduction.fr\/en\/author\/sarahbrahy\/\">sarahbrahy<\/a> <span class=\"meta-separator\"><\/span><\/div><div class=\"metadata-item\"><span class=\"metadata-prefix\">le<\/span> <a href=\"https:\/\/sarahbrahytraduction.fr\/en\/2026\/01\/01\/\">Jan 1<\/a><\/div><\/div><div data-colibri-id=\"7-c12\" class=\"style-500 style-local-7-c12 position-relative h-element\"><div class=\"h-global-transition-all\"><div class=\"colibri-post-excerpt\">Cela faisait un moment que ce blog \u00e9tait silencieux.Pas par manque d\u2019int\u00e9r\u00eat [&hellip;]<\/div><\/div><\/div><div data-colibri-id=\"7-c13\" class=\"h-x-container style-501 style-local-7-c13 position-relative h-element\"><div class=\"h-x-container-inner style-dynamic-7-c13-group\"><span class=\"h-button__outer style-502-outer style-local-7-c14-outer d-inline-flex h-element\"><a href=\"https:\/\/sarahbrahytraduction.fr\/en\/pourquoi-parle-t-on-encore-de-traduction-aujourdhui\/\" data-colibri-id=\"7-c14\" class=\"d-flex w-100 align-items-center h-button justify-content-lg-center justify-content-md-center justify-content-center style-502 style-local-7-c14 position-relative\"> <span>En savoir plus<\/span> <span class=\"h-svg-icon h-button__icon style-502-icon style-local-7-c14-icon\"><svg version=\"1.1\" xmlns=\"http:\/\/www.w3.org\/2000\/svg\" xmlns:xlink=\"http:\/\/www.w3.org\/1999\/xlink\" id=\"arrow-right\" viewBox=\"0 0 512 545.5\"><path d=\"M299.5 140.5l136 136 11 11.5-11 11.5-136 136-23-23L385 304H64v-32h321L276.5 163.5z\"><\/path><\/svg><\/span><\/a><\/span><\/div><\/div><\/div><\/div><\/div><\/div><\/div><\/div><\/div><\/div>\n      \n      \n        <div class=\"h-column h-column-container d-flex h-col-lg-4 h-col-md-6 h-col-12 post-29371 post type-post status-publish format-standard hentry category-pro tag-post-edition tag-traducteur tag-traduction masonry-item style-493-outer style-local-7-c6-outer\"><div data-colibri-id=\"7-c6\" class=\"d-flex h-flex-basis h-column__inner h-px-lg-2 h-px-md-2 h-px-2 v-inner-lg-2 v-inner-md-2 v-inner-2 style-493 style-local-7-c6 h-overflow-hidden position-relative\"> <div class=\"w-100 h-y-container h-column__content h-column__v-align flex-basis-100 align-self-lg-start align-self-md-start align-self-start\"> <div data-colibri-id=\"7-c8\" class=\"h-row-container gutters-row-lg-0 gutters-row-md-0 gutters-row-2 gutters-row-v-lg-0 gutters-row-v-md-0 gutters-row-v-0 style-495 style-local-7-c8 position-relative\"><div class=\"h-row justify-content-lg-center justify-content-md-center justify-content-center align-items-lg-stretch align-items-md-stretch align-items-stretch gutters-col-lg-0 gutters-col-md-0 gutters-col-2 gutters-col-v-lg-0 gutters-col-v-md-0 gutters-col-v-0\"> <div class=\"h-column h-column-container d-flex h-col-lg h-col-md h-col-auto style-496-outer style-local-7-c9-outer\"><div data-colibri-id=\"7-c9\" class=\"d-flex h-flex-basis h-column__inner h-px-lg-3 h-px-md-3 h-px-3 v-inner-lg-3 v-inner-md-3 v-inner-3 style-496 style-local-7-c9 position-relative\"> <div class=\"w-100 h-y-container h-column__content h-column__v-align flex-basis-100 align-self-lg-start align-self-md-start align-self-start\"> <div data-colibri-id=\"7-c10\" class=\"h-blog-title style-498 style-local-7-c10 position-relative h-element\"><div class=\"h-global-transition-all\"><a href=\"https:\/\/sarahbrahytraduction.fr\/en\/la-post-edition-benefice-ou-desavantage\/\"><h4 class=\"colibri-word-wrap\">La post-\u00e9dition : b\u00e9n\u00e9fice ou d\u00e9savantage ?<\/h4><\/a><\/div><\/div><div data-colibri-id=\"7-c11\" class=\"h-blog-meta style-499 style-local-7-c11 position-relative h-element\"><div class=\"metadata-item\"><span class=\"metadata-prefix\">de<\/span> <a href=\"https:\/\/sarahbrahytraduction.fr\/en\/author\/sarahbrahy\/\">sarahbrahy<\/a> <span class=\"meta-separator\"><\/span><\/div><div class=\"metadata-item\"><span class=\"metadata-prefix\">le<\/span> <a href=\"https:\/\/sarahbrahytraduction.fr\/en\/2020\/12\/04\/\">Dec 4<\/a><\/div><\/div><div data-colibri-id=\"7-c12\" class=\"style-500 style-local-7-c12 position-relative h-element\"><div class=\"h-global-transition-all\"><div class=\"colibri-post-excerpt\">Dans le secteur de la traduction, il est maintenant souvent question de [&hellip;]<\/div><\/div><\/div><div data-colibri-id=\"7-c13\" class=\"h-x-container style-501 style-local-7-c13 position-relative h-element\"><div class=\"h-x-container-inner style-dynamic-7-c13-group\"><span class=\"h-button__outer style-502-outer style-local-7-c14-outer d-inline-flex h-element\"><a href=\"https:\/\/sarahbrahytraduction.fr\/en\/la-post-edition-benefice-ou-desavantage\/\" data-colibri-id=\"7-c14\" class=\"d-flex w-100 align-items-center h-button justify-content-lg-center justify-content-md-center justify-content-center style-502 style-local-7-c14 position-relative\"> <span>En savoir plus<\/span> <span class=\"h-svg-icon h-button__icon style-502-icon style-local-7-c14-icon\"><svg version=\"1.1\" xmlns=\"http:\/\/www.w3.org\/2000\/svg\" xmlns:xlink=\"http:\/\/www.w3.org\/1999\/xlink\" id=\"arrow-right\" viewBox=\"0 0 512 545.5\"><path d=\"M299.5 140.5l136 136 11 11.5-11 11.5-136 136-23-23L385 304H64v-32h321L276.5 163.5z\"><\/path><\/svg><\/span><\/a><\/span><\/div><\/div><\/div><\/div><\/div><\/div><\/div><\/div><\/div><\/div>\n      \n      \n        <div class=\"h-column h-column-container d-flex h-col-lg-4 h-col-md-6 h-col-12 post-187 post type-post status-publish format-standard hentry category-pro tag-metier tag-traducteur tag-traduction tag-traductrice masonry-item style-493-outer style-local-7-c6-outer\"><div data-colibri-id=\"7-c6\" class=\"d-flex h-flex-basis h-column__inner h-px-lg-2 h-px-md-2 h-px-2 v-inner-lg-2 v-inner-md-2 v-inner-2 style-493 style-local-7-c6 h-overflow-hidden position-relative\"> <div class=\"w-100 h-y-container h-column__content h-column__v-align flex-basis-100 align-self-lg-start align-self-md-start align-self-start\"> <div data-colibri-id=\"7-c8\" class=\"h-row-container gutters-row-lg-0 gutters-row-md-0 gutters-row-2 gutters-row-v-lg-0 gutters-row-v-md-0 gutters-row-v-0 style-495 style-local-7-c8 position-relative\"><div class=\"h-row justify-content-lg-center justify-content-md-center justify-content-center align-items-lg-stretch align-items-md-stretch align-items-stretch gutters-col-lg-0 gutters-col-md-0 gutters-col-2 gutters-col-v-lg-0 gutters-col-v-md-0 gutters-col-v-0\"> <div class=\"h-column h-column-container d-flex h-col-lg h-col-md h-col-auto style-496-outer style-local-7-c9-outer\"><div data-colibri-id=\"7-c9\" class=\"d-flex h-flex-basis h-column__inner h-px-lg-3 h-px-md-3 h-px-3 v-inner-lg-3 v-inner-md-3 v-inner-3 style-496 style-local-7-c9 position-relative\"> <div class=\"w-100 h-y-container h-column__content h-column__v-align flex-basis-100 align-self-lg-start align-self-md-start align-self-start\"> <div data-colibri-id=\"7-c10\" class=\"h-blog-title style-498 style-local-7-c10 position-relative h-element\"><div class=\"h-global-transition-all\"><a href=\"https:\/\/sarahbrahytraduction.fr\/en\/quest-ce-quun-traducteur\/\"><h4 class=\"colibri-word-wrap\">Qu&rsquo;est-ce qu&rsquo;un traducteur ?<\/h4><\/a><\/div><\/div><div data-colibri-id=\"7-c11\" class=\"h-blog-meta style-499 style-local-7-c11 position-relative h-element\"><div class=\"metadata-item\"><span class=\"metadata-prefix\">de<\/span> <a href=\"https:\/\/sarahbrahytraduction.fr\/en\/author\/sarahbrahy\/\">sarahbrahy<\/a> <span class=\"meta-separator\"><\/span><\/div><div class=\"metadata-item\"><span class=\"metadata-prefix\">le<\/span> <a href=\"https:\/\/sarahbrahytraduction.fr\/en\/2020\/05\/24\/\">May 24<\/a><\/div><\/div><div data-colibri-id=\"7-c12\" class=\"style-500 style-local-7-c12 position-relative h-element\"><div class=\"h-global-transition-all\"><div class=\"colibri-post-excerpt\">Un traducteur c&rsquo;est tout d&rsquo;abord un amoureux des langues, quelqu&rsquo;un de passionn\u00e9 [&hellip;]<\/div><\/div><\/div><div data-colibri-id=\"7-c13\" class=\"h-x-container style-501 style-local-7-c13 position-relative h-element\"><div class=\"h-x-container-inner style-dynamic-7-c13-group\"><span class=\"h-button__outer style-502-outer style-local-7-c14-outer d-inline-flex h-element\"><a href=\"https:\/\/sarahbrahytraduction.fr\/en\/quest-ce-quun-traducteur\/\" data-colibri-id=\"7-c14\" class=\"d-flex w-100 align-items-center h-button justify-content-lg-center justify-content-md-center justify-content-center style-502 style-local-7-c14 position-relative\"> <span>En savoir plus<\/span> <span class=\"h-svg-icon h-button__icon style-502-icon style-local-7-c14-icon\"><svg version=\"1.1\" xmlns=\"http:\/\/www.w3.org\/2000\/svg\" xmlns:xlink=\"http:\/\/www.w3.org\/1999\/xlink\" id=\"arrow-right\" viewBox=\"0 0 512 545.5\"><path d=\"M299.5 140.5l136 136 11 11.5-11 11.5-136 136-23-23L385 304H64v-32h321L276.5 163.5z\"><\/path><\/svg><\/span><\/a><\/span><\/div><\/div><\/div><\/div><\/div><\/div><\/div><\/div><\/div><\/div>\n      \n      \n                    <\/div>\n                <\/div>\n              <\/div>\n            <\/div>\n          <\/div>\n        <\/div>\n      <\/div>\n    <\/div>\n  <\/div>\n<\/div>","protected":false},"excerpt":{"rendered":"","protected":false},"author":1,"featured_media":0,"parent":0,"menu_order":0,"comment_status":"closed","ping_status":"closed","template":"page-templates\/full-width-page.php","meta":{"footnotes":""},"class_list":["post-7","page","type-page","status-publish","hentry"],"yoast_head":"<!-- This site is optimized with the Yoast SEO plugin v27.5 - https:\/\/yoast.com\/product\/yoast-seo-wordpress\/ -->\n<title>Articles - Sarah Brahy Traduction<\/title>\n<meta name=\"robots\" content=\"index, follow, max-snippet:-1, max-image-preview:large, max-video-preview:-1\" \/>\n<link rel=\"canonical\" href=\"https:\/\/sarahbrahytraduction.fr\/en\/blog-2\/\" \/>\n<meta property=\"og:locale\" content=\"en_US\" \/>\n<meta property=\"og:type\" content=\"article\" \/>\n<meta property=\"og:title\" content=\"Articles - Sarah Brahy Traduction\" \/>\n<meta property=\"og:url\" content=\"https:\/\/sarahbrahytraduction.fr\/en\/blog-2\/\" \/>\n<meta property=\"og:site_name\" content=\"Sarah Brahy Traduction\" \/>\n<meta property=\"article:modified_time\" content=\"2020-12-07T09:45:53+00:00\" \/>\n<meta name=\"twitter:card\" content=\"summary_large_image\" \/>\n<meta name=\"twitter:label1\" content=\"Est. reading time\" \/>\n\t<meta name=\"twitter:data1\" content=\"3 minutes\" \/>\n<script type=\"application\/ld+json\" class=\"yoast-schema-graph\">{\"@context\":\"https:\\\/\\\/schema.org\",\"@graph\":[{\"@type\":\"WebPage\",\"@id\":\"https:\\\/\\\/sarahbrahytraduction.fr\\\/blog-2\\\/\",\"url\":\"https:\\\/\\\/sarahbrahytraduction.fr\\\/blog-2\\\/\",\"name\":\"Articles - Sarah Brahy Traduction\",\"isPartOf\":{\"@id\":\"https:\\\/\\\/sarahbrahytraduction.fr\\\/#website\"},\"datePublished\":\"2020-05-20T11:56:12+00:00\",\"dateModified\":\"2020-12-07T09:45:53+00:00\",\"breadcrumb\":{\"@id\":\"https:\\\/\\\/sarahbrahytraduction.fr\\\/blog-2\\\/#breadcrumb\"},\"inLanguage\":\"en-US\",\"potentialAction\":[{\"@type\":\"ReadAction\",\"target\":[\"https:\\\/\\\/sarahbrahytraduction.fr\\\/blog-2\\\/\"]}]},{\"@type\":\"BreadcrumbList\",\"@id\":\"https:\\\/\\\/sarahbrahytraduction.fr\\\/blog-2\\\/#breadcrumb\",\"itemListElement\":[{\"@type\":\"ListItem\",\"position\":1,\"name\":\"Accueil\",\"item\":\"https:\\\/\\\/sarahbrahytraduction.fr\\\/\"},{\"@type\":\"ListItem\",\"position\":2,\"name\":\"Articles\"}]},{\"@type\":\"WebSite\",\"@id\":\"https:\\\/\\\/sarahbrahytraduction.fr\\\/#website\",\"url\":\"https:\\\/\\\/sarahbrahytraduction.fr\\\/\",\"name\":\"Sarah Brahy Traduction\",\"description\":\"Pour vous accompagner dans toutes vos traductions\",\"publisher\":{\"@id\":\"https:\\\/\\\/sarahbrahytraduction.fr\\\/#\\\/schema\\\/person\\\/ebb7ff50765f9a8bb5670269b81af1fd\"},\"potentialAction\":[{\"@type\":\"SearchAction\",\"target\":{\"@type\":\"EntryPoint\",\"urlTemplate\":\"https:\\\/\\\/sarahbrahytraduction.fr\\\/?s={search_term_string}\"},\"query-input\":{\"@type\":\"PropertyValueSpecification\",\"valueRequired\":true,\"valueName\":\"search_term_string\"}}],\"inLanguage\":\"en-US\"},{\"@type\":[\"Person\",\"Organization\"],\"@id\":\"https:\\\/\\\/sarahbrahytraduction.fr\\\/#\\\/schema\\\/person\\\/ebb7ff50765f9a8bb5670269b81af1fd\",\"name\":\"sarahbrahy\",\"image\":{\"@type\":\"ImageObject\",\"inLanguage\":\"en-US\",\"@id\":\"https:\\\/\\\/sarahbrahytraduction.fr\\\/wp-content\\\/uploads\\\/2020\\\/05\\\/cropped-logo-trad-e1590051206617.png\",\"url\":\"https:\\\/\\\/sarahbrahytraduction.fr\\\/wp-content\\\/uploads\\\/2020\\\/05\\\/cropped-logo-trad-e1590051206617.png\",\"contentUrl\":\"https:\\\/\\\/sarahbrahytraduction.fr\\\/wp-content\\\/uploads\\\/2020\\\/05\\\/cropped-logo-trad-e1590051206617.png\",\"width\":100,\"height\":119,\"caption\":\"sarahbrahy\"},\"logo\":{\"@id\":\"https:\\\/\\\/sarahbrahytraduction.fr\\\/wp-content\\\/uploads\\\/2020\\\/05\\\/cropped-logo-trad-e1590051206617.png\"},\"sameAs\":[\"http:\\\/\\\/sarahbrahytraduction.fr\"]}]}<\/script>\n<!-- \/ Yoast SEO plugin. -->","yoast_head_json":{"title":"Articles - Sarah Brahy Traduction","robots":{"index":"index","follow":"follow","max-snippet":"max-snippet:-1","max-image-preview":"max-image-preview:large","max-video-preview":"max-video-preview:-1"},"canonical":"https:\/\/sarahbrahytraduction.fr\/en\/blog-2\/","og_locale":"en_US","og_type":"article","og_title":"Articles - Sarah Brahy Traduction","og_url":"https:\/\/sarahbrahytraduction.fr\/en\/blog-2\/","og_site_name":"Sarah Brahy Traduction","article_modified_time":"2020-12-07T09:45:53+00:00","twitter_card":"summary_large_image","twitter_misc":{"Est. reading time":"3 minutes"},"schema":{"@context":"https:\/\/schema.org","@graph":[{"@type":"WebPage","@id":"https:\/\/sarahbrahytraduction.fr\/blog-2\/","url":"https:\/\/sarahbrahytraduction.fr\/blog-2\/","name":"Articles - Sarah Brahy Traduction","isPartOf":{"@id":"https:\/\/sarahbrahytraduction.fr\/#website"},"datePublished":"2020-05-20T11:56:12+00:00","dateModified":"2020-12-07T09:45:53+00:00","breadcrumb":{"@id":"https:\/\/sarahbrahytraduction.fr\/blog-2\/#breadcrumb"},"inLanguage":"en-US","potentialAction":[{"@type":"ReadAction","target":["https:\/\/sarahbrahytraduction.fr\/blog-2\/"]}]},{"@type":"BreadcrumbList","@id":"https:\/\/sarahbrahytraduction.fr\/blog-2\/#breadcrumb","itemListElement":[{"@type":"ListItem","position":1,"name":"Accueil","item":"https:\/\/sarahbrahytraduction.fr\/"},{"@type":"ListItem","position":2,"name":"Articles"}]},{"@type":"WebSite","@id":"https:\/\/sarahbrahytraduction.fr\/#website","url":"https:\/\/sarahbrahytraduction.fr\/","name":"Sarah Brahy Traduction","description":"To help you with all your translations","publisher":{"@id":"https:\/\/sarahbrahytraduction.fr\/#\/schema\/person\/ebb7ff50765f9a8bb5670269b81af1fd"},"potentialAction":[{"@type":"SearchAction","target":{"@type":"EntryPoint","urlTemplate":"https:\/\/sarahbrahytraduction.fr\/?s={search_term_string}"},"query-input":{"@type":"PropertyValueSpecification","valueRequired":true,"valueName":"search_term_string"}}],"inLanguage":"en-US"},{"@type":["Person","Organization"],"@id":"https:\/\/sarahbrahytraduction.fr\/#\/schema\/person\/ebb7ff50765f9a8bb5670269b81af1fd","name":"sarahbrahy","image":{"@type":"ImageObject","inLanguage":"en-US","@id":"https:\/\/sarahbrahytraduction.fr\/wp-content\/uploads\/2020\/05\/cropped-logo-trad-e1590051206617.png","url":"https:\/\/sarahbrahytraduction.fr\/wp-content\/uploads\/2020\/05\/cropped-logo-trad-e1590051206617.png","contentUrl":"https:\/\/sarahbrahytraduction.fr\/wp-content\/uploads\/2020\/05\/cropped-logo-trad-e1590051206617.png","width":100,"height":119,"caption":"sarahbrahy"},"logo":{"@id":"https:\/\/sarahbrahytraduction.fr\/wp-content\/uploads\/2020\/05\/cropped-logo-trad-e1590051206617.png"},"sameAs":["http:\/\/sarahbrahytraduction.fr"]}]}},"_links":{"self":[{"href":"https:\/\/sarahbrahytraduction.fr\/en\/wp-json\/wp\/v2\/pages\/7","targetHints":{"allow":["GET"]}}],"collection":[{"href":"https:\/\/sarahbrahytraduction.fr\/en\/wp-json\/wp\/v2\/pages"}],"about":[{"href":"https:\/\/sarahbrahytraduction.fr\/en\/wp-json\/wp\/v2\/types\/page"}],"author":[{"embeddable":true,"href":"https:\/\/sarahbrahytraduction.fr\/en\/wp-json\/wp\/v2\/users\/1"}],"replies":[{"embeddable":true,"href":"https:\/\/sarahbrahytraduction.fr\/en\/wp-json\/wp\/v2\/comments?post=7"}],"version-history":[{"count":2,"href":"https:\/\/sarahbrahytraduction.fr\/en\/wp-json\/wp\/v2\/pages\/7\/revisions"}],"predecessor-version":[{"id":29399,"href":"https:\/\/sarahbrahytraduction.fr\/en\/wp-json\/wp\/v2\/pages\/7\/revisions\/29399"}],"wp:attachment":[{"href":"https:\/\/sarahbrahytraduction.fr\/en\/wp-json\/wp\/v2\/media?parent=7"}],"curies":[{"name":"wp","href":"https:\/\/api.w.org\/{rel}","templated":true}]}}