{"id":8,"date":"2020-05-20T12:56:11","date_gmt":"2020-05-20T11:56:11","guid":{"rendered":"https:\/\/sarahbrahytraduction.wordpress.com\/?page_id=8"},"modified":"2026-01-01T10:02:27","modified_gmt":"2026-01-01T09:02:27","slug":"contact-2","status":"publish","type":"page","link":"https:\/\/sarahbrahytraduction.fr\/en\/contact-2\/","title":{"rendered":"Contact"},"content":{"rendered":"<div data-colibri-id=\"8-c1\" class=\"style-516 style-local-8-c1 position-relative\">\n  <!---->\n  <div data-colibri-component=\"section\" data-colibri-id=\"8-c2\" id=\"custom-2\" class=\"h-section h-section-global-spacing d-flex align-items-lg-center align-items-md-center align-items-center style-606 style-local-8-c2 position-relative\">\n    <!---->\n    <!---->\n    <div class=\"h-section-grid-container h-section-boxed-container\">\n      <!---->\n      <div data-colibri-id=\"8-c3\" class=\"h-row-container gutters-row-lg-3 gutters-row-md-3 gutters-row-0 gutters-row-v-lg-3 gutters-row-v-md-3 gutters-row-v-3 style-607 style-local-8-c3 position-relative\">\n        <!---->\n        <div class=\"h-row justify-content-lg-center justify-content-md-center justify-content-center align-items-lg-center align-items-md-center align-items-center gutters-col-lg-3 gutters-col-md-3 gutters-col-0 gutters-col-v-lg-3 gutters-col-v-md-3 gutters-col-v-3\">\n          <!---->\n          <div class=\"h-column h-column-container d-flex h-col-lg-auto h-col-md-auto h-col-auto align-self-lg-center align-self-md-center align-self-center style-608-outer style-local-8-c4-outer\">\n            <div data-colibri-id=\"8-c4\" class=\"d-flex h-flex-basis h-column__inner h-px-lg-0 h-px-md-0 h-px-0 v-inner-lg-0 v-inner-md-0 v-inner-0 style-608 style-local-8-c4 position-relative\">\n              <!---->\n              <!---->\n              <div class=\"w-100 h-y-container h-column__content h-column__v-align flex-basis-100 align-self-lg-start align-self-md-start align-self-start\">\n                <!---->\n                <div data-colibri-id=\"8-c5\" class=\"h-lead h-text h-text-component style-610 style-local-8-c5 position-relative h-element\">\n                  <!---->\n                  <!---->\n                  <div class=\"\">\n                    <p>Feel free to contact me if you have questions or if you need a quote.\n                      <br>I would be glad to help you!<\/p>\n                    <p>\n                      <br>\n                    <\/p>\n                  <\/div>\n                <\/div>\n              <\/div>\n            <\/div>\n          <\/div>\n        <\/div>\n      <\/div>\n    <\/div>\n  <\/div>\n  <div data-colibri-component=\"section\" data-colibri-id=\"8-c6\" id=\"custom\" class=\"h-section h-section-global-spacing d-flex align-items-lg-center align-items-md-center align-items-center style-585 style-local-8-c6 position-relative\">\n    <!---->\n    <!---->\n    <div class=\"h-section-grid-container h-section-boxed-container\">\n      <!---->\n      <div data-colibri-id=\"8-c7\" class=\"h-row-container gutters-row-lg-3 gutters-row-md-3 gutters-row-0 gutters-row-v-lg-3 gutters-row-v-md-3 gutters-row-v-3 style-586 style-local-8-c7 position-relative\">\n        <!---->\n        <div class=\"h-row justify-content-lg-center justify-content-md-center justify-content-center align-items-lg-stretch align-items-md-stretch align-items-stretch gutters-col-lg-3 gutters-col-md-3 gutters-col-0 gutters-col-v-lg-3 gutters-col-v-md-3 gutters-col-v-3\">\n          <!---->\n          <div class=\"h-column h-column-container d-flex h-col-lg-auto h-col-md-auto h-col-auto style-655-outer style-local-8-c8-outer\">\n            <div data-colibri-id=\"8-c8\" class=\"d-flex h-flex-basis h-column__inner h-px-lg-2 h-px-md-2 h-px-2 v-inner-lg-2 v-inner-md-2 v-inner-2 style-655 style-local-8-c8 position-relative\">\n              <!---->\n              <!---->\n              <div class=\"w-100 h-y-container h-column__content h-column__v-align flex-basis-100 align-self-lg-center align-self-md-center align-self-center\">\n                <!---->\n                <div data-colibri-id=\"8-c9\" class=\"d-block style-650 style-local-8-c9 position-relative h-element\">\n                  <!---->\n                  <div class=\"h-image__frame-container-outer\">\n                    <div class=\"h-image__frame-container\">\n                      <!---->\n                      <!---->\n                      <img loading=\"lazy\" decoding=\"async\" width=\"1919\" height=\"2359\" src=\"https:\/\/sarahbrahytraduction.fr\/wp-content\/uploads\/2025\/11\/cropped-P1084530-purple-scaled-2.jpg\" class=\"wp-image-60497 style-650-image style-local-8-c9-image\" alt=\"\" srcset=\"https:\/\/sarahbrahytraduction.fr\/wp-content\/uploads\/2025\/11\/cropped-P1084530-purple-scaled-2.jpg 1919w, https:\/\/sarahbrahytraduction.fr\/wp-content\/uploads\/2025\/11\/cropped-P1084530-purple-scaled-2-244x300.jpg 244w, https:\/\/sarahbrahytraduction.fr\/wp-content\/uploads\/2025\/11\/cropped-P1084530-purple-scaled-2-833x1024.jpg 833w, https:\/\/sarahbrahytraduction.fr\/wp-content\/uploads\/2025\/11\/cropped-P1084530-purple-scaled-2-768x944.jpg 768w, https:\/\/sarahbrahytraduction.fr\/wp-content\/uploads\/2025\/11\/cropped-P1084530-purple-scaled-2-1250x1536.jpg 1250w, https:\/\/sarahbrahytraduction.fr\/wp-content\/uploads\/2025\/11\/cropped-P1084530-purple-scaled-2-1666x2048.jpg 1666w, https:\/\/sarahbrahytraduction.fr\/wp-content\/uploads\/2025\/11\/cropped-P1084530-purple-scaled-2-10x12.jpg 10w\" sizes=\"auto, (max-width: 1919px) 100vw, 1919px\" \/>\n                      <div class=\"h-image__frame h-hide-lg h-hide-md h-hide-sm style-650-frameImage style-local-8-c9-frameImage\"><\/div>\n                    <\/div>\n                  <\/div>\n                <\/div>\n                <div data-colibri-id=\"8-c10\" class=\"h-icon style-660 style-local-8-c10 position-relative h-element\">\n                  <!---->\n                  <a href=\"https:\/\/www.linkedin.com\/in\/sarah-brahy-889861a3\/\" h-use-smooth-scroll=\"true\"><span class=\"h-svg-icon h-icon__icon style-660-icon style-local-8-c10-icon\"><!--Icon by Font Awesome (https:\/\/fontawesome.com)-->\n    <svg version=\"1.1\" xmlns=\"http:\/\/www.w3.org\/2000\/svg\" xmlns:xlink=\"http:\/\/www.w3.org\/1999\/xlink\" id=\"linkedin-square\" viewbox=\"0 0 1536 1896.0833\">\n      <path d=\"M237 1414h231V720H237v694zm246-908q-1-52-36-86t-93-34-94.5 34-36.5 86q0 51 35.5 85.5T351 626h1q59 0 95-34.5t36-85.5zm585 908h231v-398q0-154-73-233t-193-79q-136 0-209 117h2V720H595q3 66 0 694h231v-388q0-38 7-56 15-35 45-59.5t74-24.5q116 0 116 157v371zm468-998v960q0 119-84.5 203.5T1248 1664H288q-119 0-203.5-84.5T0 1376V416q0-119 84.5-203.5T288 128h960q119 0 203.5 84.5T1536 416z\"><\/path>\n    <\/svg><\/span><\/a>\n                <\/div>\n              <\/div>\n            <\/div>\n          <\/div>\n          <div class=\"h-column h-column-container d-flex h-col-lg-auto h-col-md-auto h-col-auto style-587-outer style-local-8-c11-outer\">\n            <div data-colibri-id=\"8-c11\" class=\"d-flex h-flex-basis h-column__inner h-px-lg-2 h-px-md-2 h-px-2 v-inner-lg-2 v-inner-md-2 v-inner-2 style-587 style-local-8-c11 position-relative\">\n              <!---->\n              <!---->\n              <div class=\"w-100 h-y-container h-column__content h-column__v-align flex-basis-100 align-self-lg-center align-self-md-center align-self-center\">\n                <!---->\n                <div data-colibri-id=\"8-c12\" class=\"h-icon style-593 style-local-8-c12 position-relative h-element\">\n                  <!---->\n                  <a href=\"mailto:sarahbrahy.traduction@gmail.com\" h-use-smooth-scroll=\"true\"><span class=\"h-svg-icon h-icon__icon style-593-icon style-local-8-c12-icon\"><!--Icon by Font Awesome (https:\/\/fontawesome.com)-->\n    <svg version=\"1.1\" xmlns=\"http:\/\/www.w3.org\/2000\/svg\" xmlns:xlink=\"http:\/\/www.w3.org\/1999\/xlink\" id=\"envelope-o\" viewbox=\"0 0 1792 1896.0833\">\n      <path d=\"M1664 1504V736q-32 36-69 66-268 206-426 338-51 43-83 67t-86.5 48.5T897 1280h-2q-48 0-102.5-24.5T706 1207t-83-67q-158-132-426-338-37-30-69-66v768q0 13 9.5 22.5t22.5 9.5h1472q13 0 22.5-9.5t9.5-22.5zm0-1051v-24.5l-.5-13-3-12.5-5.5-9-9-7.5-14-2.5H160q-13 0-22.5 9.5T128 416q0 168 147 284 193 152 401 317 6 5 35 29.5t46 37.5 44.5 31.5T852 1143t43 9h2q20 0 43-9t50.5-27.5 44.5-31.5 46-37.5 35-29.5q208-165 401-317 54-43 100.5-115.5T1664 453zm128-37v1088q0 66-47 113t-113 47H160q-66 0-113-47T0 1504V416q0-66 47-113t113-47h1472q66 0 113 47t47 113z\"><\/path>\n    <\/svg><\/span><\/a>\n                <\/div>\n                <div data-colibri-id=\"8-c13\" class=\"h-x-container style-597 style-local-8-c13 position-relative h-element\">\n                  <!---->\n                  <div class=\"h-x-container-inner style-dynamic-8-c13-group style-597-spacing style-local-8-c13-spacing\"><span class=\"h-link__outer style-598-outer style-local-8-c14-outer d-inline-flex h-element\"><a h-use-smooth-scroll=\"true\" href=\"mailto:sarahbrahy.traduction@gmail.com\"  data-colibri-id=\"8-c14\" class=\"d-flex w-100 align-items-center h-link style-598 style-local-8-c14 position-relative\"><!----><!----> <span>Send me an e-mail<\/span><\/a>\n                    <\/span>\n                  <\/div>\n                <\/div>\n              <\/div>\n            <\/div>\n          <\/div>\n          <div class=\"h-column h-column-container d-flex h-col-lg-auto h-col-md-auto h-col-auto style-588-outer style-local-8-c15-outer\">\n            <div data-colibri-id=\"8-c15\" class=\"d-flex h-flex-basis h-column__inner h-px-lg-2 h-px-md-2 h-px-2 v-inner-lg-2 v-inner-md-2 v-inner-2 style-588 style-local-8-c15 position-relative\">\n              <!---->\n              <!---->\n              <div class=\"w-100 h-y-container h-column__content h-column__v-align flex-basis-100 align-self-lg-center align-self-md-center align-self-center\">\n                <!---->\n                <div data-colibri-id=\"8-c16\" class=\"h-icon style-600 style-local-8-c16 position-relative h-element\">\n                  <!----><span class=\"h-svg-icon h-icon__icon style-600-icon style-local-8-c16-icon\"><!--Icon by Font Awesome (https:\/\/fontawesome.com)-->\n    <svg version=\"1.1\" xmlns=\"http:\/\/www.w3.org\/2000\/svg\" xmlns:xlink=\"http:\/\/www.w3.org\/1999\/xlink\" id=\"phone-square\" viewbox=\"0 0 1536 1896.0833\">\n      <path d=\"M1280 1193q0-11-2-16t-18-16.5-40.5-25-47.5-26.5-45.5-25-28.5-15q-5-3-19-13t-25-15-21-5q-15 0-36.5 20.5t-39.5 45-38.5 45T885 1167q-7 0-16.5-3.5T853 1157t-17-9.5-14-8.5q-99-55-170-126.5T525 842q-2-3-8.5-14t-9.5-17-6.5-15.5T497 779q0-13 20.5-33.5t45-38.5 45-39.5T628 631q0-10-5-21t-15-25-13-19q-3-6-15-28.5T555 492t-26.5-47.5-25-40.5-16.5-18-16-2q-48 0-101 22-46 21-80 94.5T256 631q0 16 2.5 34t5 30.5 9 33 10 29.5 12.5 33 11 30q60 164 216.5 320.5T843 1358q6 2 30 11t33 12.5 29.5 10 33 9 30.5 5 34 2.5q57 0 130.5-34t94.5-80q22-53 22-101zm256-777v960q0 119-84.5 203.5T1248 1664H288q-119 0-203.5-84.5T0 1376V416q0-119 84.5-203.5T288 128h960q119 0 203.5 84.5T1536 416z\"><\/path>\n    <\/svg><\/span><\/div>\n                <div data-colibri-id=\"8-c17\" class=\"h-text h-text-component style-601 style-local-8-c17 position-relative h-element\">\n                  <!---->\n                  <!---->\n                  <div class=\"\">\n                    <p>(+33) 06.62.69.91.91<\/p>\n                  <\/div>\n                <\/div>\n              <\/div>\n            <\/div>\n          <\/div>\n          <div class=\"h-column h-column-container d-flex h-col-lg-auto h-col-md-auto h-col-auto style-602-outer style-local-8-c18-outer\">\n            <div data-colibri-id=\"8-c18\" class=\"d-flex h-flex-basis h-column__inner h-px-lg-2 h-px-md-2 h-px-2 v-inner-lg-2 v-inner-md-2 v-inner-2 style-602 style-local-8-c18 position-relative\">\n              <!---->\n              <!---->\n              <div class=\"w-100 h-y-container h-column__content h-column__v-align flex-basis-100 align-self-lg-center align-self-md-center align-self-center\">\n                <!---->\n                <div data-colibri-id=\"8-c19\" class=\"h-icon style-604 style-local-8-c19 position-relative h-element\">\n                  <!---->\n                  <a href=\"https:\/\/goo.gl\/maps\/yJ6aPgwCu3b2NwMT7\" h-use-smooth-scroll=\"true\"><span class=\"h-svg-icon h-icon__icon style-604-icon style-local-8-c19-icon\"><!--Icon by Font Awesome (https:\/\/fontawesome.com)-->\n    <svg version=\"1.1\" xmlns=\"http:\/\/www.w3.org\/2000\/svg\" xmlns:xlink=\"http:\/\/www.w3.org\/1999\/xlink\" id=\"map-marker\" viewbox=\"0 0 1049.8953 1896.0833\">\n      <path d=\"M768 640q0-106-75-181t-181-75-181 75-75 181 75 181 181 75 181-75 75-181zm256 0q0 109-33 179l-364 774q-16 33-47.5 52t-67.5 19-67.5-19-46.5-52L33 819Q0 749 0 640q0-212 150-362t362-150 362 150 150 362z\"><\/path>\n    <\/svg><\/span><\/a>\n                <\/div>\n                <div data-colibri-id=\"8-c20\" class=\"h-text h-text-component style-605 style-local-8-c20 position-relative h-element\">\n                  <!---->\n                  <!---->\n                  <div class=\"\">\n                    <p>Sarah BRAHY<\/p>\n                    <p>Siret 84075530000018<\/p>\n                    <p>13800 Istres &#8211; FRANCE<\/p>\n                  <\/div>\n                <\/div>\n              <\/div>\n            <\/div>\n          <\/div>\n        <\/div>\n      <\/div>\n    <\/div>\n  <\/div>\n<\/div>","protected":false},"excerpt":{"rendered":"<p>N&rsquo;h\u00e9sitez pas \u00e0 me contacter pour tout renseignement compl\u00e9mentaire ou pour toute demande de devis. Je serai ravie de pouvoir vous aider ! Contact par e-mail (+33) 06.62.69.91.91 Sarah BRAHY Siret 84075530000018 13800 Istres &#8211; FRANCE<\/p>","protected":false},"author":1,"featured_media":0,"parent":0,"menu_order":0,"comment_status":"closed","ping_status":"closed","template":"page-templates\/full-width-page.php","meta":{"footnotes":""},"class_list":["post-8","page","type-page","status-publish","hentry"],"yoast_head":"<!-- This site is optimized with the Yoast SEO plugin v27.5 - https:\/\/yoast.com\/product\/yoast-seo-wordpress\/ -->\n<title>Contact - Sarah Brahy Traduction<\/title>\n<meta name=\"robots\" content=\"index, follow, max-snippet:-1, max-image-preview:large, max-video-preview:-1\" \/>\n<link rel=\"canonical\" href=\"https:\/\/sarahbrahytraduction.fr\/en\/contact-2\/\" \/>\n<meta property=\"og:locale\" content=\"en_US\" \/>\n<meta property=\"og:type\" content=\"article\" \/>\n<meta property=\"og:title\" content=\"Contact - Sarah Brahy Traduction\" \/>\n<meta property=\"og:description\" content=\"N&rsquo;h\u00e9sitez pas \u00e0 me contacter pour tout renseignement compl\u00e9mentaire ou pour toute demande de devis. Je serai ravie de pouvoir vous aider ! Contact par e-mail (+33) 06.62.69.91.91 Sarah BRAHY Siret 84075530000018 13800 Istres &#8211; FRANCE\" \/>\n<meta property=\"og:url\" content=\"https:\/\/sarahbrahytraduction.fr\/en\/contact-2\/\" \/>\n<meta property=\"og:site_name\" content=\"Sarah Brahy Traduction\" \/>\n<meta property=\"article:modified_time\" content=\"2026-01-01T09:02:27+00:00\" \/>\n<meta property=\"og:image\" content=\"https:\/\/sarahbrahytraduction.fr\/wp-content\/uploads\/2025\/11\/cropped-P1084530-purple-scaled-2.jpg\" \/>\n\t<meta property=\"og:image:width\" content=\"1919\" \/>\n\t<meta property=\"og:image:height\" content=\"2359\" \/>\n\t<meta property=\"og:image:type\" content=\"image\/jpeg\" \/>\n<meta name=\"twitter:card\" content=\"summary_large_image\" \/>\n<script type=\"application\/ld+json\" class=\"yoast-schema-graph\">{\"@context\":\"https:\\\/\\\/schema.org\",\"@graph\":[{\"@type\":\"WebPage\",\"@id\":\"https:\\\/\\\/sarahbrahytraduction.fr\\\/contact-2\\\/\",\"url\":\"https:\\\/\\\/sarahbrahytraduction.fr\\\/contact-2\\\/\",\"name\":\"Contact - Sarah Brahy Traduction\",\"isPartOf\":{\"@id\":\"https:\\\/\\\/sarahbrahytraduction.fr\\\/#website\"},\"primaryImageOfPage\":{\"@id\":\"https:\\\/\\\/sarahbrahytraduction.fr\\\/contact-2\\\/#primaryimage\"},\"image\":{\"@id\":\"https:\\\/\\\/sarahbrahytraduction.fr\\\/contact-2\\\/#primaryimage\"},\"thumbnailUrl\":\"https:\\\/\\\/sarahbrahytraduction.fr\\\/wp-content\\\/uploads\\\/2025\\\/11\\\/cropped-P1084530-purple-scaled-2.jpg\",\"datePublished\":\"2020-05-20T11:56:11+00:00\",\"dateModified\":\"2026-01-01T09:02:27+00:00\",\"breadcrumb\":{\"@id\":\"https:\\\/\\\/sarahbrahytraduction.fr\\\/contact-2\\\/#breadcrumb\"},\"inLanguage\":\"en-US\",\"potentialAction\":[{\"@type\":\"ReadAction\",\"target\":[\"https:\\\/\\\/sarahbrahytraduction.fr\\\/contact-2\\\/\"]}]},{\"@type\":\"ImageObject\",\"inLanguage\":\"en-US\",\"@id\":\"https:\\\/\\\/sarahbrahytraduction.fr\\\/contact-2\\\/#primaryimage\",\"url\":\"https:\\\/\\\/sarahbrahytraduction.fr\\\/wp-content\\\/uploads\\\/2025\\\/11\\\/cropped-P1084530-purple-scaled-2.jpg\",\"contentUrl\":\"https:\\\/\\\/sarahbrahytraduction.fr\\\/wp-content\\\/uploads\\\/2025\\\/11\\\/cropped-P1084530-purple-scaled-2.jpg\"},{\"@type\":\"BreadcrumbList\",\"@id\":\"https:\\\/\\\/sarahbrahytraduction.fr\\\/contact-2\\\/#breadcrumb\",\"itemListElement\":[{\"@type\":\"ListItem\",\"position\":1,\"name\":\"Accueil\",\"item\":\"https:\\\/\\\/sarahbrahytraduction.fr\\\/\"},{\"@type\":\"ListItem\",\"position\":2,\"name\":\"Contact\"}]},{\"@type\":\"WebSite\",\"@id\":\"https:\\\/\\\/sarahbrahytraduction.fr\\\/#website\",\"url\":\"https:\\\/\\\/sarahbrahytraduction.fr\\\/\",\"name\":\"Sarah Brahy Traduction\",\"description\":\"Pour vous accompagner dans toutes vos traductions\",\"publisher\":{\"@id\":\"https:\\\/\\\/sarahbrahytraduction.fr\\\/#\\\/schema\\\/person\\\/ebb7ff50765f9a8bb5670269b81af1fd\"},\"potentialAction\":[{\"@type\":\"SearchAction\",\"target\":{\"@type\":\"EntryPoint\",\"urlTemplate\":\"https:\\\/\\\/sarahbrahytraduction.fr\\\/?s={search_term_string}\"},\"query-input\":{\"@type\":\"PropertyValueSpecification\",\"valueRequired\":true,\"valueName\":\"search_term_string\"}}],\"inLanguage\":\"en-US\"},{\"@type\":[\"Person\",\"Organization\"],\"@id\":\"https:\\\/\\\/sarahbrahytraduction.fr\\\/#\\\/schema\\\/person\\\/ebb7ff50765f9a8bb5670269b81af1fd\",\"name\":\"sarahbrahy\",\"image\":{\"@type\":\"ImageObject\",\"inLanguage\":\"en-US\",\"@id\":\"https:\\\/\\\/sarahbrahytraduction.fr\\\/wp-content\\\/uploads\\\/2020\\\/05\\\/cropped-logo-trad-e1590051206617.png\",\"url\":\"https:\\\/\\\/sarahbrahytraduction.fr\\\/wp-content\\\/uploads\\\/2020\\\/05\\\/cropped-logo-trad-e1590051206617.png\",\"contentUrl\":\"https:\\\/\\\/sarahbrahytraduction.fr\\\/wp-content\\\/uploads\\\/2020\\\/05\\\/cropped-logo-trad-e1590051206617.png\",\"width\":100,\"height\":119,\"caption\":\"sarahbrahy\"},\"logo\":{\"@id\":\"https:\\\/\\\/sarahbrahytraduction.fr\\\/wp-content\\\/uploads\\\/2020\\\/05\\\/cropped-logo-trad-e1590051206617.png\"},\"sameAs\":[\"http:\\\/\\\/sarahbrahytraduction.fr\"]}]}<\/script>\n<!-- \/ Yoast SEO plugin. -->","yoast_head_json":{"title":"Contact - Sarah Brahy Traduction","robots":{"index":"index","follow":"follow","max-snippet":"max-snippet:-1","max-image-preview":"max-image-preview:large","max-video-preview":"max-video-preview:-1"},"canonical":"https:\/\/sarahbrahytraduction.fr\/en\/contact-2\/","og_locale":"en_US","og_type":"article","og_title":"Contact - Sarah Brahy Traduction","og_description":"N&rsquo;h\u00e9sitez pas \u00e0 me contacter pour tout renseignement compl\u00e9mentaire ou pour toute demande de devis. Je serai ravie de pouvoir vous aider ! Contact par e-mail (+33) 06.62.69.91.91 Sarah BRAHY Siret 84075530000018 13800 Istres &#8211; FRANCE","og_url":"https:\/\/sarahbrahytraduction.fr\/en\/contact-2\/","og_site_name":"Sarah Brahy Traduction","article_modified_time":"2026-01-01T09:02:27+00:00","og_image":[{"width":1919,"height":2359,"url":"https:\/\/sarahbrahytraduction.fr\/wp-content\/uploads\/2025\/11\/cropped-P1084530-purple-scaled-2.jpg","type":"image\/jpeg"}],"twitter_card":"summary_large_image","schema":{"@context":"https:\/\/schema.org","@graph":[{"@type":"WebPage","@id":"https:\/\/sarahbrahytraduction.fr\/contact-2\/","url":"https:\/\/sarahbrahytraduction.fr\/contact-2\/","name":"Contact - Sarah Brahy Traduction","isPartOf":{"@id":"https:\/\/sarahbrahytraduction.fr\/#website"},"primaryImageOfPage":{"@id":"https:\/\/sarahbrahytraduction.fr\/contact-2\/#primaryimage"},"image":{"@id":"https:\/\/sarahbrahytraduction.fr\/contact-2\/#primaryimage"},"thumbnailUrl":"https:\/\/sarahbrahytraduction.fr\/wp-content\/uploads\/2025\/11\/cropped-P1084530-purple-scaled-2.jpg","datePublished":"2020-05-20T11:56:11+00:00","dateModified":"2026-01-01T09:02:27+00:00","breadcrumb":{"@id":"https:\/\/sarahbrahytraduction.fr\/contact-2\/#breadcrumb"},"inLanguage":"en-US","potentialAction":[{"@type":"ReadAction","target":["https:\/\/sarahbrahytraduction.fr\/contact-2\/"]}]},{"@type":"ImageObject","inLanguage":"en-US","@id":"https:\/\/sarahbrahytraduction.fr\/contact-2\/#primaryimage","url":"https:\/\/sarahbrahytraduction.fr\/wp-content\/uploads\/2025\/11\/cropped-P1084530-purple-scaled-2.jpg","contentUrl":"https:\/\/sarahbrahytraduction.fr\/wp-content\/uploads\/2025\/11\/cropped-P1084530-purple-scaled-2.jpg"},{"@type":"BreadcrumbList","@id":"https:\/\/sarahbrahytraduction.fr\/contact-2\/#breadcrumb","itemListElement":[{"@type":"ListItem","position":1,"name":"Accueil","item":"https:\/\/sarahbrahytraduction.fr\/"},{"@type":"ListItem","position":2,"name":"Contact"}]},{"@type":"WebSite","@id":"https:\/\/sarahbrahytraduction.fr\/#website","url":"https:\/\/sarahbrahytraduction.fr\/","name":"Sarah Brahy Traduction","description":"To help you with all your translations","publisher":{"@id":"https:\/\/sarahbrahytraduction.fr\/#\/schema\/person\/ebb7ff50765f9a8bb5670269b81af1fd"},"potentialAction":[{"@type":"SearchAction","target":{"@type":"EntryPoint","urlTemplate":"https:\/\/sarahbrahytraduction.fr\/?s={search_term_string}"},"query-input":{"@type":"PropertyValueSpecification","valueRequired":true,"valueName":"search_term_string"}}],"inLanguage":"en-US"},{"@type":["Person","Organization"],"@id":"https:\/\/sarahbrahytraduction.fr\/#\/schema\/person\/ebb7ff50765f9a8bb5670269b81af1fd","name":"sarahbrahy","image":{"@type":"ImageObject","inLanguage":"en-US","@id":"https:\/\/sarahbrahytraduction.fr\/wp-content\/uploads\/2020\/05\/cropped-logo-trad-e1590051206617.png","url":"https:\/\/sarahbrahytraduction.fr\/wp-content\/uploads\/2020\/05\/cropped-logo-trad-e1590051206617.png","contentUrl":"https:\/\/sarahbrahytraduction.fr\/wp-content\/uploads\/2020\/05\/cropped-logo-trad-e1590051206617.png","width":100,"height":119,"caption":"sarahbrahy"},"logo":{"@id":"https:\/\/sarahbrahytraduction.fr\/wp-content\/uploads\/2020\/05\/cropped-logo-trad-e1590051206617.png"},"sameAs":["http:\/\/sarahbrahytraduction.fr"]}]}},"_links":{"self":[{"href":"https:\/\/sarahbrahytraduction.fr\/en\/wp-json\/wp\/v2\/pages\/8","targetHints":{"allow":["GET"]}}],"collection":[{"href":"https:\/\/sarahbrahytraduction.fr\/en\/wp-json\/wp\/v2\/pages"}],"about":[{"href":"https:\/\/sarahbrahytraduction.fr\/en\/wp-json\/wp\/v2\/types\/page"}],"author":[{"embeddable":true,"href":"https:\/\/sarahbrahytraduction.fr\/en\/wp-json\/wp\/v2\/users\/1"}],"replies":[{"embeddable":true,"href":"https:\/\/sarahbrahytraduction.fr\/en\/wp-json\/wp\/v2\/comments?post=8"}],"version-history":[{"count":20,"href":"https:\/\/sarahbrahytraduction.fr\/en\/wp-json\/wp\/v2\/pages\/8\/revisions"}],"predecessor-version":[{"id":60500,"href":"https:\/\/sarahbrahytraduction.fr\/en\/wp-json\/wp\/v2\/pages\/8\/revisions\/60500"}],"wp:attachment":[{"href":"https:\/\/sarahbrahytraduction.fr\/en\/wp-json\/wp\/v2\/media?parent=8"}],"curies":[{"name":"wp","href":"https:\/\/api.w.org\/{rel}","templated":true}]}}